{"id":4925,"date":"2025-07-24T01:27:57","date_gmt":"2025-07-24T01:27:57","guid":{"rendered":"https:\/\/inglesando.com.br\/?page_id=4925"},"modified":"2025-10-03T18:38:34","modified_gmt":"2025-10-03T18:38:34","slug":"blog-page-inglesando","status":"publish","type":"page","link":"https:\/\/inglesando.com.br\/?page_id=4925","title":{"rendered":"Blog Page | Inglesando"},"content":{"rendered":"\t\t<div data-elementor-type=\"page\" data-elementor-id=\"4925\" class=\"elementor elementor-4925\">\n\t\t\t\t<div class=\"elementor-element elementor-element-73cee546 e-con-full e-flex e-con e-parent\" data-id=\"73cee546\" data-element_type=\"container\" data-e-type=\"container\" data-settings=\"{&quot;background_background&quot;:&quot;classic&quot;}\">\n\t\t<div class=\"elementor-element elementor-element-302c2ed8 e-flex e-con-boxed e-con e-child\" data-id=\"302c2ed8\" data-element_type=\"container\" data-e-type=\"container\" data-settings=\"{&quot;background_background&quot;:&quot;classic&quot;}\">\n\t\t\t\t\t<div class=\"e-con-inner\">\n\t\t\t\t<div class=\"elementor-element elementor-element-243cfc45 elementor-widget elementor-widget-heading\" data-id=\"243cfc45\" data-element_type=\"widget\" data-e-type=\"widget\" data-widget_type=\"heading.default\">\n\t\t\t\t<div class=\"elementor-widget-container\">\n\t\t\t\t\t<h1 class=\"elementor-heading-title elementor-size-default\">Blog Page<\/h1>\t\t\t\t<\/div>\n\t\t\t\t<\/div>\n\t\t\t\t<div class=\"elementor-element elementor-element-67570842 text-center elementor-widget elementor-widget-tp-breadcrumbs-bar\" data-id=\"67570842\" data-element_type=\"widget\" data-e-type=\"widget\" data-widget_type=\"tp-breadcrumbs-bar.default\">\n\t\t\t\t<div class=\"elementor-widget-container\">\n\t\t\t\t\t<div id=\"bread69e4c03536d5f\" class=\"pt_plus_breadcrumbs_bar \"  \"><div class=\"pt_plus_breadcrumbs_bar_inner bred_style_1\"><nav id=\"breadcrumbs\"><span class=\"bc_home\"><a class=\"home_bread_tab\" href=\"https:\/\/inglesando.com.br\/\">Home<\/a><\/span> <span class=\"del\"><\/span> <span class=\"current_active\"><div class=\"current_tab_sec\">P\u00e1gina<\/div><\/span><\/nav><\/div><\/div>\t\t\t\t<\/div>\n\t\t\t\t<\/div>\n\t\t\t\t\t<\/div>\n\t\t\t\t<\/div>\n\t\t\t\t<\/div>\n\t\t<div class=\"elementor-element elementor-element-18cefa61 e-flex e-con-boxed e-con e-parent\" data-id=\"18cefa61\" data-element_type=\"container\" data-e-type=\"container\" data-settings=\"{&quot;background_background&quot;:&quot;classic&quot;}\">\n\t\t\t\t\t<div class=\"e-con-inner\">\n\t\t\t\t<div class=\"elementor-element elementor-element-4d5a6496 text--tabletcenter text-center elementor-widget elementor-widget-tp-heading-title\" data-id=\"4d5a6496\" data-element_type=\"widget\" data-e-type=\"widget\" data-widget_type=\"tp-heading-title.default\">\n\t\t\t\t<div class=\"elementor-widget-container\">\n\t\t\t\t\t<div class=\"heading heading_style heading_style69e4c03538e5b style-1 \"  data-tp-gsap-heading-text=\"\" data-tp-gsap-sub-heading-text=\"\"><div class=\"sub-style\" ><div class=\"head-title \" > <h2  class=\"heading-title   \"  data-hover=\"Veja algumas dicas da Inglesando\">Veja algumas dicas da Inglesando<span class=\"title-s \">  <\/span><\/h2><\/div><div class=\"sub-heading\"><p class=\"heading-sub-title  \"> Iremos postar dicas de ingl\u00eas e informa\u00e7\u00f5es que v\u00e3o te ajudar na sua jornada de Aprendizado <\/p><\/div><\/div><\/div>\t\t\t\t<\/div>\n\t\t\t\t<\/div>\n\t\t\t\t<div class=\"elementor-element elementor-element-3bb6387c elementor-widget elementor-widget-tp-blog-listout\" data-id=\"3bb6387c\" data-element_type=\"widget\" data-e-type=\"widget\" data-widget_type=\"tp-blog-listout.default\">\n\t\t\t\t<div class=\"elementor-widget-container\">\n\t\t\t\t\t<h3 class=\"theplus-posts-not-found\">Posts not found<\/h3>\t\t\t\t<\/div>\n\t\t\t\t<\/div>\n\t\t\t\t<div class=\"elementor-element elementor-element-1b2c4353 elementor-widget elementor-widget-tp-button\" data-id=\"1b2c4353\" data-element_type=\"widget\" data-e-type=\"widget\" data-widget_type=\"tp-button.default\">\n\t\t\t\t<div class=\"elementor-widget-container\">\n\t\t\t\t\t<div class=\"pt-plus-button-wrapper   text-center \"><div class=\"button_parallax \"><div id=\"button69e4c03541c33\"  class=\" text-center ts-button content_hover_effect  \" ><div class=\"pt_plus_button btn69e4c03541c31 button-style-10   \"  ><div class=\"animted-content-inner \"><a href=\"https:\/\/etemplates.wdesignkit.com\/edumentor\/blog-page\/\" class=\"button-link-wrap \" role=\"button\" data-hover=\"View More\" >View More<\/a><\/div><\/div><\/div><\/div><\/div>\t\t\t\t<\/div>\n\t\t\t\t<\/div>\n\t\t\t\t\t<\/div>\n\t\t\t\t<\/div>\n\t\t<div class=\"elementor-element elementor-element-75a4fd26 e-flex e-con-boxed e-con e-parent\" data-id=\"75a4fd26\" data-element_type=\"container\" data-e-type=\"container\" data-settings=\"{&quot;background_background&quot;:&quot;classic&quot;}\">\n\t\t\t\t\t<div class=\"e-con-inner\">\n\t\t\t\t\t<\/div>\n\t\t\t\t<\/div>\n\t\t\t\t<\/div>\n\t\t","protected":false},"excerpt":{"rendered":"<p>Blog Page Home P\u00e1gina Veja algumas dicas da Inglesando Iremos postar dicas de ingl\u00eas e informa\u00e7\u00f5es que v\u00e3o te ajudar na sua jornada de Aprendizado Posts not found View More<\/p>\n","protected":false},"author":3,"featured_media":0,"parent":0,"menu_order":0,"comment_status":"closed","ping_status":"closed","template":"","meta":{"footnotes":""},"class_list":["post-4925","page","type-page","status-publish","hentry"],"_links":{"self":[{"href":"https:\/\/inglesando.com.br\/index.php?rest_route=\/wp\/v2\/pages\/4925","targetHints":{"allow":["GET"]}}],"collection":[{"href":"https:\/\/inglesando.com.br\/index.php?rest_route=\/wp\/v2\/pages"}],"about":[{"href":"https:\/\/inglesando.com.br\/index.php?rest_route=\/wp\/v2\/types\/page"}],"author":[{"embeddable":true,"href":"https:\/\/inglesando.com.br\/index.php?rest_route=\/wp\/v2\/users\/3"}],"replies":[{"embeddable":true,"href":"https:\/\/inglesando.com.br\/index.php?rest_route=%2Fwp%2Fv2%2Fcomments&post=4925"}],"version-history":[{"count":8,"href":"https:\/\/inglesando.com.br\/index.php?rest_route=\/wp\/v2\/pages\/4925\/revisions"}],"predecessor-version":[{"id":5101,"href":"https:\/\/inglesando.com.br\/index.php?rest_route=\/wp\/v2\/pages\/4925\/revisions\/5101"}],"wp:attachment":[{"href":"https:\/\/inglesando.com.br\/index.php?rest_route=%2Fwp%2Fv2%2Fmedia&parent=4925"}],"curies":[{"name":"wp","href":"https:\/\/api.w.org\/{rel}","templated":true}]}}