{"id":4920,"date":"2025-07-24T01:27:56","date_gmt":"2025-07-24T01:27:56","guid":{"rendered":"https:\/\/inglesando.com.br\/?page_id=4920"},"modified":"2026-02-06T18:38:17","modified_gmt":"2026-02-06T18:38:17","slug":"aula-teste-gratuita-inglesando","status":"publish","type":"page","link":"https:\/\/inglesando.com.br\/?page_id=4920","title":{"rendered":"Aula-Teste Gratuita | Inglesando"},"content":{"rendered":"\t\t<div data-elementor-type=\"page\" data-elementor-id=\"4920\" class=\"elementor elementor-4920\">\n\t\t\t\t<div class=\"elementor-element elementor-element-6c2c7026 e-con-full e-flex e-con e-parent\" data-id=\"6c2c7026\" data-element_type=\"container\" data-e-type=\"container\" data-settings=\"{&quot;background_background&quot;:&quot;classic&quot;}\">\n\t\t<div class=\"elementor-element elementor-element-2aa3d562 e-flex e-con-boxed e-con e-child\" data-id=\"2aa3d562\" data-element_type=\"container\" data-e-type=\"container\" data-settings=\"{&quot;background_background&quot;:&quot;classic&quot;}\">\n\t\t\t\t\t<div class=\"e-con-inner\">\n\t\t\t\t<div class=\"elementor-element elementor-element-16dfcae7 elementor-widget__width-initial elementor-widget elementor-widget-heading\" data-id=\"16dfcae7\" data-element_type=\"widget\" data-e-type=\"widget\" data-widget_type=\"heading.default\">\n\t\t\t\t<div class=\"elementor-widget-container\">\n\t\t\t\t\t<h1 class=\"elementor-heading-title elementor-size-default\">Quero Agendar Uma Aula-Teste<\/h1>\t\t\t\t<\/div>\n\t\t\t\t<\/div>\n\t\t\t\t\t<\/div>\n\t\t\t\t<\/div>\n\t\t\t\t<\/div>\n\t\t<div class=\"elementor-element elementor-element-75f1fc33 e-flex e-con-boxed e-con e-parent\" data-id=\"75f1fc33\" data-element_type=\"container\" data-e-type=\"container\" data-settings=\"{&quot;background_background&quot;:&quot;classic&quot;}\">\n\t\t\t\t\t<div class=\"e-con-inner\">\n\t\t\t\t<div class=\"elementor-element elementor-element-48a5f3 text-center elementor-widget elementor-widget-tp-heading-title\" data-id=\"48a5f3\" data-element_type=\"widget\" data-e-type=\"widget\" data-widget_type=\"tp-heading-title.default\">\n\t\t\t\t<div class=\"elementor-widget-container\">\n\t\t\t\t\t<div class=\"heading heading_style heading_style69e4c06e4244a style-1 \"  data-tp-gsap-heading-text=\"\" data-tp-gsap-sub-heading-text=\"\"><div class=\"sub-style\" ><div class=\"head-title \" > <h2  class=\"heading-title   \"  data-hover=\"Preencha suas informa\u00e7\u00f5es abaixo\">Preencha suas informa\u00e7\u00f5es abaixo<span class=\"title-s \">  <\/span><\/h2><\/div><div class=\"sub-heading\"><p class=\"heading-sub-title  \"> N\u00f3s iremos enviar o link do Calendly com os hor\u00e1rios dispon\u00edveis para sua aula-teste gratuita! <\/p><\/div><\/div><\/div>\t\t\t\t<\/div>\n\t\t\t\t<\/div>\n\t\t<div class=\"elementor-element elementor-element-12133e5b e-con-full e-flex e-con e-child\" data-id=\"12133e5b\" data-element_type=\"container\" data-e-type=\"container\">\n\t\t<div class=\"elementor-element elementor-element-d144a36 e-con-full e-flex e-con e-child\" data-id=\"d144a36\" data-element_type=\"container\" data-e-type=\"container\">\n\t\t\t\t<div class=\"elementor-element elementor-element-659439b6 elementor-widget elementor-widget-tp-plus-form\" data-id=\"659439b6\" data-element_type=\"widget\" data-e-type=\"widget\" data-widget_type=\"tp-plus-form.default\">\n\t\t\t\t<div class=\"elementor-widget-container\">\n\t\t\t\t\t<div class=\"tpae-form-container\" data-formdata=\"{&quot;form_id&quot;:&quot;tpae-form-main&quot;,&quot;Required_mask&quot;:&quot;show-asterisks&quot;,&quot;invalid_form&quot;:&quot;Invalid form! Please check it again.&quot;,&quot;required_fields&quot;:&quot;This field is required.&quot;,&quot;form_error&quot;:&quot;There was an error in submitting the form.&quot;,&quot;success_message&quot;:&quot;Form Submitted Successfully&quot;,&quot;server_error&quot;:&quot;A server error occurred.&quot;}\" data-emaildata=\"&quot;eJBjs5ndcfX00vctcbyyNmmd6tCYhJ7Kr81ETouys-mzdfiduW9zzlTo6QeNbX8C1Gr_Ime5de6F9DkHiYyoXmuCKmBxdxhOiCwDKAr3r48NlHnrTDreW5Gro6zL7NDwItxzls-my9DQfazRSYBd6lLGRwnMaDqLRqEypNw9lhtqJedRnw90xsJifYTkdnvtq204Nr3rSdYZe9N9mifc6G49vF9vXcFwyMA5qzfCuBC9UfIlykUqlYJHLroDtkVe5smRQMqYi6kTxAM31OMJSSgWypG2hblVAt8djvQ7ixI98-dAQLb710s3wL-YoxGYJwDUYgN4ZzlATBzoMwOhAYOQ4_EjUPVMZFUGn9bNrqvqAvdNid-TXdXGVXE1oC7Ih4TCqrN1ly6Q3e3dtM0&quot;\" ><style> .elementor-element-659439b6 .tpae-form-submit-container{ width:100%!important } <\/style><form id=\"tpae-form-main\" class=\"tpae-form\" method=\"post\"><div class=\"tpae-form-field\" data-width=\"48\" data-tablet-width=\"48\" data-mobile-width=\"\"> <label for=\"form_fields[first_name]\" class=\"tpae-form-label\">Full Name<\/label><input type=\"text\" name=\"first_name\" id=\"first_name\" placeholder=\"Stephen Clemons\"  class=\"medium\" value=\"\" aria-description=\"\"\/><span class=\"tpae-help-text\"><\/span><\/div><div class=\"tpae-form-field\" data-width=\"48\" data-tablet-width=\"\" data-mobile-width=\"\"> <label for=\"form_fields[email]\" class=\"tpae-form-label\">Email Address <span class=\"tpae-required-asterisk\">*<\/span><\/label><input type=\"email\" name=\"email\" id=\"email\" placeholder=\"stephenclemons@gmail.com\" required class=\"medium\" value=\"\" aria-description=\"\"\/><span class=\"tpae-help-text\"><\/span><\/div><div class=\"tpae-form-field\" data-width=\"48\" data-tablet-width=\"\" data-mobile-width=\"\"> <label for=\"form_fields[mobile_number]\" class=\"tpae-form-label\">Phone Number<\/label><input type=\"number\" name=\"mobile_number\" id=\"mobile_number\" placeholder=\"201-453-2780\"  class=\"medium\" value=\"\" aria-description=\"\"\/><span class=\"tpae-help-text\"><\/span><\/div><div class=\"tpae-form-field\" data-width=\"48\" data-tablet-width=\"\" data-mobile-width=\"\"> <label for=\"form_fields[subject]\" class=\"tpae-form-label\">Subject<\/label><input type=\"text\" name=\"subject\" id=\"subject\" placeholder=\"Mastering Chemistry\"  class=\"medium\" value=\"\" aria-description=\"\"\/><span class=\"tpae-help-text\"><\/span><\/div><div class=\"tpae-form-field\" data-width=\"100\" data-tablet-width=\"\" data-mobile-width=\"\"> <label for=\"form_fields[message]\" class=\"tpae-form-label\">Your Message<\/label><textarea name=\"message\" rows=\"4\" id=\"message\" placeholder=\"Additional Message...\"  class=\"medium\"aria-description=\"\"><\/textarea><\/div><div class=\"tpae-form-submit-container\"><button id=\"tpae-form-button\" type=\"submit\" class=\"tpae-form-submit tpae-form-button tpae-icon-after\"><span class=\"tpae-button-text\">Send Message  <\/span><span class=\"tpae-button-loader\" style=\"display:none;\"><span class=\"tpae-spinner\"><\/span><\/span><\/button><\/div><\/form><\/div>\t\t\t\t<\/div>\n\t\t\t\t<\/div>\n\t\t\t\t<\/div>\n\t\t<div class=\"elementor-element elementor-element-b95bdc5 e-con-full e-flex e-con e-child\" data-id=\"b95bdc5\" data-element_type=\"container\" data-e-type=\"container\">\n\t\t\t\t<div class=\"elementor-element elementor-element-2cc1d810 elementor-widget-tablet__width-initial elementor-widget elementor-widget-tp-info-box\" data-id=\"2cc1d810\" data-element_type=\"widget\" data-e-type=\"widget\" data-widget_type=\"tp-info-box.default\">\n\t\t\t\t<div class=\"elementor-widget-container\">\n\t\t\t\t\t<div id=\"info_box69e3be5de2215\" class=\"pt_plus_info_box  info_box69e3be5de2215 info-box-style_1     \"  data-id=\"info_box69e3be5de2215\" ><div class=\"post-inner-loop \"><div class=\"info-box-inner content_hover_effect \"><div class=\"info-box-bg-box  service-border-box \"><div class=\"service-media text-left vertical-center \"><div class=\"service-content \"><a href=\"tel:%20+5511945966717\" ><h4 class=\"service-title \"> Call Us <\/h4><\/a><div class=\"service-desc\"> <p>+55 11 94596-6717<\/p> <\/div><\/div><\/div><div class=\"infobox-overlay-color\"><\/div><\/div><\/div><\/div><\/div>\t\t\t\t<\/div>\n\t\t\t\t<\/div>\n\t\t\t\t<div class=\"elementor-element elementor-element-6df347f8 elementor-widget-tablet__width-initial elementor-widget elementor-widget-tp-info-box\" data-id=\"6df347f8\" data-element_type=\"widget\" data-e-type=\"widget\" data-widget_type=\"tp-info-box.default\">\n\t\t\t\t<div class=\"elementor-widget-container\">\n\t\t\t\t\t<div id=\"info_box69e3be5de2bcc\" class=\"pt_plus_info_box  info_box69e3be5de2bcc info-box-style_1     \"  data-id=\"info_box69e3be5de2bcc\" ><div class=\"post-inner-loop \"><div class=\"info-box-inner content_hover_effect \"><div class=\"info-box-bg-box  service-border-box \"><div class=\"service-media text-left vertical-center \"><div class=\"service-content \"><a  ><h4 class=\"service-title \"> Location <\/h4><\/a><div class=\"service-desc\"> <p>WeWork Avenida Paulista 1374, S\u00e3o Paulo, S\u00e3o Paulo, 01310-100<\/p> <\/div><\/div><\/div><div class=\"infobox-overlay-color\"><\/div><\/div><\/div><\/div><\/div>\t\t\t\t<\/div>\n\t\t\t\t<\/div>\n\t\t\t\t<div class=\"elementor-element elementor-element-6a642852 elementor-widget-tablet__width-initial elementor-widget elementor-widget-tp-info-box\" data-id=\"6a642852\" data-element_type=\"widget\" data-e-type=\"widget\" data-widget_type=\"tp-info-box.default\">\n\t\t\t\t<div class=\"elementor-widget-container\">\n\t\t\t\t\t<div id=\"info_box69e3be5de3556\" class=\"pt_plus_info_box  info_box69e3be5de3556 info-box-style_1     \"  data-id=\"info_box69e3be5de3556\" ><div class=\"post-inner-loop \"><div class=\"info-box-inner content_hover_effect \"><div class=\"info-box-bg-box  service-border-box \"><div class=\"service-media text-left vertical-center \"><div class=\"service-content \"><a href=\"mailto:%20daniel@inglesando.com.br\" ><h4 class=\"service-title \"> Email Address <\/h4><\/a><div class=\"service-desc\"> <p>daniel@inglesando.com.br<\/p> <\/div><\/div><\/div><div class=\"infobox-overlay-color\"><\/div><\/div><\/div><\/div><\/div>\t\t\t\t<\/div>\n\t\t\t\t<\/div>\n\t\t\t\t<\/div>\n\t\t\t\t<\/div>\n\t\t\t\t\t<\/div>\n\t\t\t\t<\/div>\n\t\t<div class=\"elementor-element elementor-element-2dcdddfa e-con-full e-flex e-con e-parent\" data-id=\"2dcdddfa\" data-element_type=\"container\" data-e-type=\"container\" data-settings=\"{&quot;background_background&quot;:&quot;classic&quot;}\">\n\t\t<div class=\"elementor-element elementor-element-1ee7ff81 e-flex e-con-boxed e-con e-child\" data-id=\"1ee7ff81\" data-element_type=\"container\" data-e-type=\"container\" data-settings=\"{&quot;background_background&quot;:&quot;classic&quot;}\">\n\t\t\t\t\t<div class=\"e-con-inner\">\n\t\t<div class=\"elementor-element elementor-element-687c6162 e-con-full e-flex e-con e-child\" data-id=\"687c6162\" data-element_type=\"container\" data-e-type=\"container\">\n\t\t\t\t<div class=\"elementor-element elementor-element-4ff2e778 text-left elementor-widget__width-initial elementor-widget elementor-widget-tp-heading-title\" data-id=\"4ff2e778\" data-element_type=\"widget\" data-e-type=\"widget\" data-widget_type=\"tp-heading-title.default\">\n\t\t\t\t<div class=\"elementor-widget-container\">\n\t\t\t\t\t<div class=\"heading heading_style heading_style69e4c06e42d15 style-1 \"  data-tp-gsap-heading-text=\"\" data-tp-gsap-sub-heading-text=\"\"><div class=\"sub-style\" ><div class=\"head-title \" > <h2  class=\"heading-title   \"  data-hover=\"Success Stories from Inglesando Learners\">Success Stories from Inglesando Learners<span class=\"title-s \">  <\/span><\/h2><\/div><div class=\"sub-heading\"><p class=\"heading-sub-title  \"> Veja como a Inglesando j\u00e1 ajudou outros alunos que, como voc\u00ea, tamb\u00e9m se sentiam inseguros no idioma. <\/p><\/div><\/div><\/div>\t\t\t\t<\/div>\n\t\t\t\t<\/div>\n\t\t\t\t<div class=\"elementor-element elementor-element-b279046 elementor-widget__width-initial elementor-widget elementor-widget-testimonial\" data-id=\"b279046\" data-element_type=\"widget\" data-e-type=\"widget\" data-settings=\"{&quot;_animation&quot;:&quot;none&quot;}\" data-widget_type=\"testimonial.default\">\n\t\t\t\t<div class=\"elementor-widget-container\">\n\t\t\t\t\t\t\t<div class=\"elementor-testimonial-wrapper\">\n\t\t\t\t\t\t\t<div class=\"elementor-testimonial-content\">A Inglesando me ajudou com a prepara\u00e7\u00e3o pro Toefl. Estava muito ansiosa, mas os professores Marcelo e Daniel me ajudaram a controlar meus nervos e at\u00e9 a curtir o ingl\u00eas. Recomendo.<\/div>\n\t\t\t\n\t\t\t\t\t\t<div class=\"elementor-testimonial-meta elementor-has-image elementor-testimonial-image-position-aside\">\n\t\t\t\t<div class=\"elementor-testimonial-meta-inner\">\n\t\t\t\t\t\t\t\t\t\t\t<div class=\"elementor-testimonial-image\">\n\t\t\t\t\t\t\t<img decoding=\"async\" width=\"48\" height=\"48\" src=\"https:\/\/inglesando.com.br\/wp-content\/uploads\/2025\/05\/Adolfo.png\" class=\"attachment-full size-full wp-image-46\" alt=\"\" \/>\t\t\t\t\t\t<\/div>\n\t\t\t\t\t\n\t\t\t\t\t\t\t\t\t\t<div class=\"elementor-testimonial-details\">\n\t\t\t\t\t\t\t\t\t\t\t\t\t\t<div class=\"elementor-testimonial-name\">Jessica Barbosa<\/div>\n\t\t\t\t\t\t\t\t\t\t\t\t\t\t\t\t\t\t\t\t\t\t<div class=\"elementor-testimonial-job\">College Student<\/div>\n\t\t\t\t\t\t\t\t\t\t\t\t\t<\/div>\n\t\t\t\t\t\t\t\t\t<\/div>\n\t\t\t<\/div>\n\t\t\t\t\t<\/div>\n\t\t\t\t\t\t<\/div>\n\t\t\t\t<\/div>\n\t\t\t\t<div class=\"elementor-element elementor-element-171c62aa elementor-widget__width-initial elementor-widget elementor-widget-testimonial\" data-id=\"171c62aa\" data-element_type=\"widget\" data-e-type=\"widget\" data-settings=\"{&quot;_animation&quot;:&quot;none&quot;}\" data-widget_type=\"testimonial.default\">\n\t\t\t\t<div class=\"elementor-widget-container\">\n\t\t\t\t\t\t\t<div class=\"elementor-testimonial-wrapper\">\n\t\t\t\t\t\t\t<div class=\"elementor-testimonial-content\">J\u00e1 tentei outras plataformas, mas os professores da Inglesando s\u00e3o os melhores. Eles explicam de uma maneira que faz sentido. J\u00e1 me sinto muito mais confiante.<\/div>\n\t\t\t\n\t\t\t\t\t\t<div class=\"elementor-testimonial-meta elementor-has-image elementor-testimonial-image-position-aside\">\n\t\t\t\t<div class=\"elementor-testimonial-meta-inner\">\n\t\t\t\t\t\t\t\t\t\t\t<div class=\"elementor-testimonial-image\">\n\t\t\t\t\t\t\t<img decoding=\"async\" width=\"48\" height=\"48\" src=\"https:\/\/inglesando.com.br\/wp-content\/uploads\/2025\/05\/olivia.png\" class=\"attachment-full size-full wp-image-47\" alt=\"\" \/>\t\t\t\t\t\t<\/div>\n\t\t\t\t\t\n\t\t\t\t\t\t\t\t\t\t<div class=\"elementor-testimonial-details\">\n\t\t\t\t\t\t\t\t\t\t\t\t\t\t<div class=\"elementor-testimonial-name\">Jo\u00e3o Martinez<\/div>\n\t\t\t\t\t\t\t\t\t\t\t\t\t\t\t\t\t\t\t\t\t\t<div class=\"elementor-testimonial-job\">Software Developer<\/div>\n\t\t\t\t\t\t\t\t\t\t\t\t\t<\/div>\n\t\t\t\t\t\t\t\t\t<\/div>\n\t\t\t<\/div>\n\t\t\t\t\t<\/div>\n\t\t\t\t\t\t<\/div>\n\t\t\t\t<\/div>\n\t\t\t\t<div class=\"elementor-element elementor-element-530b0240 elementor-widget__width-initial elementor-widget elementor-widget-testimonial\" data-id=\"530b0240\" data-element_type=\"widget\" data-e-type=\"widget\" data-settings=\"{&quot;_animation&quot;:&quot;none&quot;}\" data-widget_type=\"testimonial.default\">\n\t\t\t\t<div class=\"elementor-widget-container\">\n\t\t\t\t\t\t\t<div class=\"elementor-testimonial-wrapper\">\n\t\t\t\t\t\t\t<div class=\"elementor-testimonial-content\">Elaboramos um plano de Aprendizado Personalizado que me ajudou bastante a me disciplinar nos estudos. Meu foco \u00e9 conversa\u00e7\u00e3o, e a Inglesando me ajudou a destravar o ingl\u00eas.<\/div>\n\t\t\t\n\t\t\t\t\t\t<div class=\"elementor-testimonial-meta elementor-has-image elementor-testimonial-image-position-aside\">\n\t\t\t\t<div class=\"elementor-testimonial-meta-inner\">\n\t\t\t\t\t\t\t\t\t\t\t<div class=\"elementor-testimonial-image\">\n\t\t\t\t\t\t\t<img decoding=\"async\" width=\"48\" height=\"48\" src=\"https:\/\/inglesando.com.br\/wp-content\/uploads\/2025\/05\/jessica.png\" class=\"attachment-full size-full wp-image-48\" alt=\"\" \/>\t\t\t\t\t\t<\/div>\n\t\t\t\t\t\n\t\t\t\t\t\t\t\t\t\t<div class=\"elementor-testimonial-details\">\n\t\t\t\t\t\t\t\t\t\t\t\t\t\t<div class=\"elementor-testimonial-name\">Rodrigo Santos<\/div>\n\t\t\t\t\t\t\t\t\t\t\t\t\t\t\t\t\t\t\t\t\t\t<div class=\"elementor-testimonial-job\">Business Analyst<\/div>\n\t\t\t\t\t\t\t\t\t\t\t\t\t<\/div>\n\t\t\t\t\t\t\t\t\t<\/div>\n\t\t\t<\/div>\n\t\t\t\t\t<\/div>\n\t\t\t\t\t\t<\/div>\n\t\t\t\t<\/div>\n\t\t\t\t<div class=\"elementor-element elementor-element-6cc44ec2 elementor-widget__width-initial elementor-widget elementor-widget-testimonial\" data-id=\"6cc44ec2\" data-element_type=\"widget\" data-e-type=\"widget\" data-settings=\"{&quot;_animation&quot;:&quot;none&quot;}\" data-widget_type=\"testimonial.default\">\n\t\t\t\t<div class=\"elementor-widget-container\">\n\t\t\t\t\t\t\t<div class=\"elementor-testimonial-wrapper\">\n\t\t\t\t\t\t\t<div class=\"elementor-testimonial-content\">No come\u00e7o n\u00e3o estava muito confiante quanto a estudar online, mas o pessoal da Inglesando fez todo o processo bem din\u00e2mico e divertido. Entendi que aprender ingl\u00eas pode ser online e pode ser divertido.\n<\/div>\n\t\t\t\n\t\t\t\t\t\t<div class=\"elementor-testimonial-meta elementor-has-image elementor-testimonial-image-position-aside\">\n\t\t\t\t<div class=\"elementor-testimonial-meta-inner\">\n\t\t\t\t\t\t\t\t\t\t\t<div class=\"elementor-testimonial-image\">\n\t\t\t\t\t\t\t<img loading=\"lazy\" decoding=\"async\" width=\"48\" height=\"48\" src=\"https:\/\/inglesando.com.br\/wp-content\/uploads\/2025\/05\/george.png\" class=\"attachment-full size-full wp-image-49\" alt=\"\" \/>\t\t\t\t\t\t<\/div>\n\t\t\t\t\t\n\t\t\t\t\t\t\t\t\t\t<div class=\"elementor-testimonial-details\">\n\t\t\t\t\t\t\t\t\t\t\t\t\t\t<div class=\"elementor-testimonial-name\">Jorge Davenport<\/div>\n\t\t\t\t\t\t\t\t\t\t\t\t\t\t\t\t\t\t\t\t\t\t<div class=\"elementor-testimonial-job\">Marketing Executive<\/div>\n\t\t\t\t\t\t\t\t\t\t\t\t\t<\/div>\n\t\t\t\t\t\t\t\t\t<\/div>\n\t\t\t<\/div>\n\t\t\t\t\t<\/div>\n\t\t\t\t\t\t<\/div>\n\t\t\t\t<\/div>\n\t\t\t\t<\/div>\n\t\t\t\t\t<\/div>\n\t\t\t\t<\/div>\n\t\t\t\t<\/div>\n\t\t\t\t<\/div>\n\t\t","protected":false},"excerpt":{"rendered":"<p>Quero Agendar Uma Aula-Teste Preencha suas informa\u00e7\u00f5es abaixo N\u00f3s iremos enviar o link do Calendly com os hor\u00e1rios dispon\u00edveis para sua aula-teste gratuita! Full Name Email Address * Phone Number Subject Your MessageSend Message Call Us +55 11 94596-6717 Location WeWork Avenida Paulista 1374, S\u00e3o Paulo, S\u00e3o Paulo, 01310-100 Email Address daniel@inglesando.com.br Success Stories from [&hellip;]<\/p>\n","protected":false},"author":3,"featured_media":0,"parent":0,"menu_order":0,"comment_status":"closed","ping_status":"closed","template":"","meta":{"footnotes":""},"class_list":["post-4920","page","type-page","status-publish","hentry"],"_links":{"self":[{"href":"https:\/\/inglesando.com.br\/index.php?rest_route=\/wp\/v2\/pages\/4920","targetHints":{"allow":["GET"]}}],"collection":[{"href":"https:\/\/inglesando.com.br\/index.php?rest_route=\/wp\/v2\/pages"}],"about":[{"href":"https:\/\/inglesando.com.br\/index.php?rest_route=\/wp\/v2\/types\/page"}],"author":[{"embeddable":true,"href":"https:\/\/inglesando.com.br\/index.php?rest_route=\/wp\/v2\/users\/3"}],"replies":[{"embeddable":true,"href":"https:\/\/inglesando.com.br\/index.php?rest_route=%2Fwp%2Fv2%2Fcomments&post=4920"}],"version-history":[{"count":12,"href":"https:\/\/inglesando.com.br\/index.php?rest_route=\/wp\/v2\/pages\/4920\/revisions"}],"predecessor-version":[{"id":5105,"href":"https:\/\/inglesando.com.br\/index.php?rest_route=\/wp\/v2\/pages\/4920\/revisions\/5105"}],"wp:attachment":[{"href":"https:\/\/inglesando.com.br\/index.php?rest_route=%2Fwp%2Fv2%2Fmedia&parent=4920"}],"curies":[{"name":"wp","href":"https:\/\/api.w.org\/{rel}","templated":true}]}}